{"id":150,"date":"2022-03-21T14:20:24","date_gmt":"2022-03-21T17:20:24","guid":{"rendered":"http:\/\/afromarmoveis.com.br\/?page_id=150"},"modified":"2022-03-22T11:13:43","modified_gmt":"2022-03-22T14:13:43","slug":"contato","status":"publish","type":"page","link":"https:\/\/afromarmoveis.com.br\/index.php\/contato\/","title":{"rendered":"Contato"},"content":{"rendered":"\t\t<div data-elementor-type=\"wp-page\" data-elementor-id=\"150\" class=\"elementor elementor-150\" data-elementor-settings=\"[]\">\n\t\t\t\t\t\t\t<div class=\"elementor-section-wrap\">\n\t\t\t\t\t\t\t<section class=\"elementor-section elementor-top-section elementor-element elementor-element-862964b elementor-section-boxed elementor-section-height-default elementor-section-height-default\" data-id=\"862964b\" data-element_type=\"section\">\n\t\t\t\t\t\t<div class=\"elementor-container elementor-column-gap-default\">\n\t\t\t\t\t<div class=\"elementor-column elementor-col-50 elementor-top-column elementor-element elementor-element-d0be782\" data-id=\"d0be782\" data-element_type=\"column\">\n\t\t\t<div class=\"elementor-widget-wrap elementor-element-populated\">\n\t\t\t\t\t\t\t\t<div class=\"elementor-element elementor-element-8aaf81c elementor-widget elementor-widget-text-editor\" data-id=\"8aaf81c\" data-element_type=\"widget\" data-widget_type=\"text-editor.default\">\n\t\t\t\t<div class=\"elementor-widget-container\">\n\t\t\t<style>\/*! elementor - v3.5.6 - 28-02-2022 *\/\n.elementor-widget-text-editor.elementor-drop-cap-view-stacked .elementor-drop-cap{background-color:#818a91;color:#fff}.elementor-widget-text-editor.elementor-drop-cap-view-framed .elementor-drop-cap{color:#818a91;border:3px solid;background-color:transparent}.elementor-widget-text-editor:not(.elementor-drop-cap-view-default) .elementor-drop-cap{margin-top:8px}.elementor-widget-text-editor:not(.elementor-drop-cap-view-default) .elementor-drop-cap-letter{width:1em;height:1em}.elementor-widget-text-editor .elementor-drop-cap{float:left;text-align:center;line-height:1;font-size:50px}.elementor-widget-text-editor .elementor-drop-cap-letter{display:inline-block}<\/style>\t\t\t\t<h1><strong>Afromar M\u00f3veis<\/strong><\/h1>\nAv. Dr. Gofredo Schilini, 1665<br>\n\nPortal de Dois C\u00f3rregos<br>\n\nCx. Postal 105<br>\n\nDois C\u00f3rregos &#8211; SP<br>\n\nCEP 17.300-000\n\n<br><br>\n<h1><strong>Fone\/Fax (14) 3652-1469<\/strong><\/h1>\n<div>email: afro.mar@bol.com.br<\/div>\n<div><\/div>\n<h1><\/h1>\t\t\t\t\t\t<\/div>\n\t\t\t\t<\/div>\n\t\t\t\t\t<\/div>\n\t\t<\/div>\n\t\t\t\t<div class=\"elementor-column elementor-col-50 elementor-top-column elementor-element elementor-element-8e137fd\" data-id=\"8e137fd\" data-element_type=\"column\">\n\t\t\t<div class=\"elementor-widget-wrap elementor-element-populated\">\n\t\t\t\t\t\t\t\t<div class=\"elementor-element elementor-element-b917be2 elementor-widget elementor-widget-html\" data-id=\"b917be2\" data-element_type=\"widget\" data-widget_type=\"html.default\">\n\t\t\t\t<div class=\"elementor-widget-container\">\n\t\t\t<h2>Envie sua mensagem<\/h2>\n\n<div role=\"form\" class=\"wpcf7\" id=\"wpcf7-f157-o1\" lang=\"pt-BR\" dir=\"ltr\">\n<div class=\"screen-reader-response\"><p role=\"status\" aria-live=\"polite\" aria-atomic=\"true\"><\/p> <ul><\/ul><\/div>\n<form action=\"\/index.php\/wp-json\/wp\/v2\/pages\/150#wpcf7-f157-o1\" method=\"post\" class=\"wpcf7-form init\" novalidate=\"novalidate\" data-status=\"init\">\n<div style=\"display: none;\">\n<input type=\"hidden\" name=\"_wpcf7\" value=\"157\" \/>\n<input type=\"hidden\" name=\"_wpcf7_version\" value=\"5.5.6\" \/>\n<input type=\"hidden\" name=\"_wpcf7_locale\" value=\"pt_BR\" \/>\n<input type=\"hidden\" name=\"_wpcf7_unit_tag\" value=\"wpcf7-f157-o1\" \/>\n<input type=\"hidden\" name=\"_wpcf7_container_post\" value=\"0\" \/>\n<input type=\"hidden\" name=\"_wpcf7_posted_data_hash\" value=\"\" \/>\n<\/div>\n<p><label> Seu nome<br \/>\n    <span class=\"wpcf7-form-control-wrap your-name\"><input type=\"text\" name=\"your-name\" value=\"\" size=\"40\" class=\"wpcf7-form-control wpcf7-text wpcf7-validates-as-required\" aria-required=\"true\" aria-invalid=\"false\" \/><\/span> <\/label><\/p>\n<p><label> Seu e-mail<br \/>\n    <span class=\"wpcf7-form-control-wrap your-email\"><input type=\"email\" name=\"your-email\" value=\"\" size=\"40\" class=\"wpcf7-form-control wpcf7-text wpcf7-email wpcf7-validates-as-required wpcf7-validates-as-email\" aria-required=\"true\" aria-invalid=\"false\" \/><\/span> <\/label><\/p>\n<p><label> Assunto<br \/>\n    <span class=\"wpcf7-form-control-wrap your-subject\"><input type=\"text\" name=\"your-subject\" value=\"\" size=\"40\" class=\"wpcf7-form-control wpcf7-text wpcf7-validates-as-required\" aria-required=\"true\" aria-invalid=\"false\" \/><\/span> <\/label><\/p>\n<p><label> Sua mensagem (opcional)<br \/>\n    <span class=\"wpcf7-form-control-wrap your-message\"><textarea name=\"your-message\" cols=\"40\" rows=\"10\" class=\"wpcf7-form-control wpcf7-textarea\" aria-invalid=\"false\"><\/textarea><\/span> <\/label><\/p>\n<p><input type=\"submit\" value=\"Enviar\" class=\"wpcf7-form-control has-spinner wpcf7-submit\" \/><\/p>\n<div class=\"wpcf7-response-output\" aria-hidden=\"true\"><\/div><\/form><\/div>\t\t<\/div>\n\t\t\t\t<\/div>\n\t\t\t\t\t<\/div>\n\t\t<\/div>\n\t\t\t\t\t\t\t<\/div>\n\t\t<\/section>\n\t\t\t\t<section class=\"elementor-section elementor-top-section elementor-element elementor-element-9340e56 elementor-section-boxed elementor-section-height-default elementor-section-height-default\" data-id=\"9340e56\" data-element_type=\"section\">\n\t\t\t\t\t\t<div class=\"elementor-container elementor-column-gap-default\">\n\t\t\t\t\t<div class=\"elementor-column elementor-col-100 elementor-top-column elementor-element elementor-element-38c74cd\" data-id=\"38c74cd\" data-element_type=\"column\">\n\t\t\t<div class=\"elementor-widget-wrap elementor-element-populated\">\n\t\t\t\t\t\t\t\t<div class=\"elementor-element elementor-element-f5200b8 elementor-widget elementor-widget-html\" data-id=\"f5200b8\" data-element_type=\"widget\" data-widget_type=\"html.default\">\n\t\t\t\t<div class=\"elementor-widget-container\">\n\t\t\t<iframe src=\"https:\/\/www.google.com\/maps\/embed?pb=!1m18!1m12!1m3!1d14757.423837567185!2d-48.39757707093383!3d-22.37793451337583!2m3!1f0!2f0!3f0!3m2!1i1024!2i768!4f13.1!3m3!1m2!1s0x94c767c5ad7a8abb%3A0x49b5bfed5688c59e!2sAfroma%20M%C3%B3veis!5e0!3m2!1spt-BR!2sbr!4v1647884314639!5m2!1spt-BR!2sbr\" width=\"100%\" height=\"450\" style=\"border:0;\" allowfullscreen=\"\" loading=\"lazy\"><\/iframe>\t\t<\/div>\n\t\t\t\t<\/div>\n\t\t\t\t\t<\/div>\n\t\t<\/div>\n\t\t\t\t\t\t\t<\/div>\n\t\t<\/section>\n\t\t\t\t\t\t<\/div>\n\t\t\t\t\t<\/div>\n\t\t","protected":false},"excerpt":{"rendered":"<p>Afromar M\u00f3veis Av. Dr. Gofredo Schilini, 1665 Portal de Dois C\u00f3rregos Cx. Postal 105 Dois C\u00f3rregos &#8211; SP CEP 17.300-000 Fone\/Fax (14) 3652-1469 email: afro.mar@bol.com.br [&hellip;]<\/p>\n","protected":false},"author":1,"featured_media":0,"parent":0,"menu_order":0,"comment_status":"closed","ping_status":"closed","template":"elementor_header_footer","meta":[],"yoast_head":"<!-- This site is optimized with the Yoast SEO plugin v19.13 - https:\/\/yoast.com\/wordpress\/plugins\/seo\/ -->\n<title>Contato - Afromar M\u00f3veis<\/title>\n<meta name=\"robots\" content=\"index, follow, max-snippet:-1, max-image-preview:large, max-video-preview:-1\" \/>\n<link rel=\"canonical\" href=\"https:\/\/afromarmoveis.com.br\/index.php\/contato\/\" \/>\n<meta property=\"og:locale\" content=\"pt_BR\" \/>\n<meta property=\"og:type\" content=\"article\" \/>\n<meta property=\"og:title\" content=\"Contato - Afromar M\u00f3veis\" \/>\n<meta property=\"og:description\" content=\"Afromar M\u00f3veis Av. Dr. Gofredo Schilini, 1665 Portal de Dois C\u00f3rregos Cx. Postal 105 Dois C\u00f3rregos &#8211; SP CEP 17.300-000 Fone\/Fax (14) 3652-1469 email: afro.mar@bol.com.br [&hellip;]\" \/>\n<meta property=\"og:url\" content=\"https:\/\/afromarmoveis.com.br\/index.php\/contato\/\" \/>\n<meta property=\"og:site_name\" content=\"Afromar M\u00f3veis\" \/>\n<meta property=\"article:publisher\" content=\"https:\/\/www.facebook.com\/afromardc\" \/>\n<meta property=\"article:modified_time\" content=\"2022-03-22T14:13:43+00:00\" \/>\n<meta property=\"og:image\" content=\"https:\/\/afromarmoveis.com.br\/wp-content\/uploads\/2022\/03\/afromar.png\" \/>\n\t<meta property=\"og:image:width\" content=\"831\" \/>\n\t<meta property=\"og:image:height\" content=\"210\" \/>\n\t<meta property=\"og:image:type\" content=\"image\/png\" \/>\n<meta name=\"twitter:card\" content=\"summary_large_image\" \/>\n<script type=\"application\/ld+json\" class=\"yoast-schema-graph\">{\"@context\":\"https:\/\/schema.org\",\"@graph\":[{\"@type\":\"WebPage\",\"@id\":\"https:\/\/afromarmoveis.com.br\/index.php\/contato\/\",\"url\":\"https:\/\/afromarmoveis.com.br\/index.php\/contato\/\",\"name\":\"Contato - Afromar M\u00f3veis\",\"isPartOf\":{\"@id\":\"https:\/\/afromarmoveis.com.br\/#website\"},\"datePublished\":\"2022-03-21T17:20:24+00:00\",\"dateModified\":\"2022-03-22T14:13:43+00:00\",\"breadcrumb\":{\"@id\":\"https:\/\/afromarmoveis.com.br\/index.php\/contato\/#breadcrumb\"},\"inLanguage\":\"pt-BR\",\"potentialAction\":[{\"@type\":\"ReadAction\",\"target\":[\"https:\/\/afromarmoveis.com.br\/index.php\/contato\/\"]}]},{\"@type\":\"BreadcrumbList\",\"@id\":\"https:\/\/afromarmoveis.com.br\/index.php\/contato\/#breadcrumb\",\"itemListElement\":[{\"@type\":\"ListItem\",\"position\":1,\"name\":\"In\u00edcio\",\"item\":\"https:\/\/afromarmoveis.com.br\/\"},{\"@type\":\"ListItem\",\"position\":2,\"name\":\"Contato\"}]},{\"@type\":\"WebSite\",\"@id\":\"https:\/\/afromarmoveis.com.br\/#website\",\"url\":\"https:\/\/afromarmoveis.com.br\/\",\"name\":\"Afromar M\u00f3veis\",\"description\":\"\",\"publisher\":{\"@id\":\"https:\/\/afromarmoveis.com.br\/#organization\"},\"potentialAction\":[{\"@type\":\"SearchAction\",\"target\":{\"@type\":\"EntryPoint\",\"urlTemplate\":\"https:\/\/afromarmoveis.com.br\/?s={search_term_string}\"},\"query-input\":\"required name=search_term_string\"}],\"inLanguage\":\"pt-BR\"},{\"@type\":\"Organization\",\"@id\":\"https:\/\/afromarmoveis.com.br\/#organization\",\"name\":\"Afromar M\u00f3veis\",\"url\":\"https:\/\/afromarmoveis.com.br\/\",\"logo\":{\"@type\":\"ImageObject\",\"inLanguage\":\"pt-BR\",\"@id\":\"https:\/\/afromarmoveis.com.br\/#\/schema\/logo\/image\/\",\"url\":\"https:\/\/afromarmoveis.com.br\/wp-content\/uploads\/2022\/03\/afromar.png\",\"contentUrl\":\"https:\/\/afromarmoveis.com.br\/wp-content\/uploads\/2022\/03\/afromar.png\",\"width\":831,\"height\":210,\"caption\":\"Afromar M\u00f3veis\"},\"image\":{\"@id\":\"https:\/\/afromarmoveis.com.br\/#\/schema\/logo\/image\/\"},\"sameAs\":[\"https:\/\/www.instagram.com\/afromarmoveis\/\",\"https:\/\/www.facebook.com\/afromardc\"]}]}<\/script>\n<!-- \/ Yoast SEO plugin. -->","yoast_head_json":{"title":"Contato - Afromar M\u00f3veis","robots":{"index":"index","follow":"follow","max-snippet":"max-snippet:-1","max-image-preview":"max-image-preview:large","max-video-preview":"max-video-preview:-1"},"canonical":"https:\/\/afromarmoveis.com.br\/index.php\/contato\/","og_locale":"pt_BR","og_type":"article","og_title":"Contato - Afromar M\u00f3veis","og_description":"Afromar M\u00f3veis Av. Dr. Gofredo Schilini, 1665 Portal de Dois C\u00f3rregos Cx. Postal 105 Dois C\u00f3rregos &#8211; SP CEP 17.300-000 Fone\/Fax (14) 3652-1469 email: afro.mar@bol.com.br [&hellip;]","og_url":"https:\/\/afromarmoveis.com.br\/index.php\/contato\/","og_site_name":"Afromar M\u00f3veis","article_publisher":"https:\/\/www.facebook.com\/afromardc","article_modified_time":"2022-03-22T14:13:43+00:00","og_image":[{"width":831,"height":210,"url":"https:\/\/afromarmoveis.com.br\/wp-content\/uploads\/2022\/03\/afromar.png","type":"image\/png"}],"twitter_card":"summary_large_image","schema":{"@context":"https:\/\/schema.org","@graph":[{"@type":"WebPage","@id":"https:\/\/afromarmoveis.com.br\/index.php\/contato\/","url":"https:\/\/afromarmoveis.com.br\/index.php\/contato\/","name":"Contato - Afromar M\u00f3veis","isPartOf":{"@id":"https:\/\/afromarmoveis.com.br\/#website"},"datePublished":"2022-03-21T17:20:24+00:00","dateModified":"2022-03-22T14:13:43+00:00","breadcrumb":{"@id":"https:\/\/afromarmoveis.com.br\/index.php\/contato\/#breadcrumb"},"inLanguage":"pt-BR","potentialAction":[{"@type":"ReadAction","target":["https:\/\/afromarmoveis.com.br\/index.php\/contato\/"]}]},{"@type":"BreadcrumbList","@id":"https:\/\/afromarmoveis.com.br\/index.php\/contato\/#breadcrumb","itemListElement":[{"@type":"ListItem","position":1,"name":"In\u00edcio","item":"https:\/\/afromarmoveis.com.br\/"},{"@type":"ListItem","position":2,"name":"Contato"}]},{"@type":"WebSite","@id":"https:\/\/afromarmoveis.com.br\/#website","url":"https:\/\/afromarmoveis.com.br\/","name":"Afromar M\u00f3veis","description":"","publisher":{"@id":"https:\/\/afromarmoveis.com.br\/#organization"},"potentialAction":[{"@type":"SearchAction","target":{"@type":"EntryPoint","urlTemplate":"https:\/\/afromarmoveis.com.br\/?s={search_term_string}"},"query-input":"required name=search_term_string"}],"inLanguage":"pt-BR"},{"@type":"Organization","@id":"https:\/\/afromarmoveis.com.br\/#organization","name":"Afromar M\u00f3veis","url":"https:\/\/afromarmoveis.com.br\/","logo":{"@type":"ImageObject","inLanguage":"pt-BR","@id":"https:\/\/afromarmoveis.com.br\/#\/schema\/logo\/image\/","url":"https:\/\/afromarmoveis.com.br\/wp-content\/uploads\/2022\/03\/afromar.png","contentUrl":"https:\/\/afromarmoveis.com.br\/wp-content\/uploads\/2022\/03\/afromar.png","width":831,"height":210,"caption":"Afromar M\u00f3veis"},"image":{"@id":"https:\/\/afromarmoveis.com.br\/#\/schema\/logo\/image\/"},"sameAs":["https:\/\/www.instagram.com\/afromarmoveis\/","https:\/\/www.facebook.com\/afromardc"]}]}},"_links":{"self":[{"href":"https:\/\/afromarmoveis.com.br\/index.php\/wp-json\/wp\/v2\/pages\/150"}],"collection":[{"href":"https:\/\/afromarmoveis.com.br\/index.php\/wp-json\/wp\/v2\/pages"}],"about":[{"href":"https:\/\/afromarmoveis.com.br\/index.php\/wp-json\/wp\/v2\/types\/page"}],"author":[{"embeddable":true,"href":"https:\/\/afromarmoveis.com.br\/index.php\/wp-json\/wp\/v2\/users\/1"}],"replies":[{"embeddable":true,"href":"https:\/\/afromarmoveis.com.br\/index.php\/wp-json\/wp\/v2\/comments?post=150"}],"version-history":[{"count":16,"href":"https:\/\/afromarmoveis.com.br\/index.php\/wp-json\/wp\/v2\/pages\/150\/revisions"}],"predecessor-version":[{"id":172,"href":"https:\/\/afromarmoveis.com.br\/index.php\/wp-json\/wp\/v2\/pages\/150\/revisions\/172"}],"wp:attachment":[{"href":"https:\/\/afromarmoveis.com.br\/index.php\/wp-json\/wp\/v2\/media?parent=150"}],"curies":[{"name":"wp","href":"https:\/\/api.w.org\/{rel}","templated":true}]}}